{"id":98,"date":"2024-09-28T14:47:58","date_gmt":"2024-09-28T12:47:58","guid":{"rendered":"https:\/\/www.pujcovnaleseninovehrady.cz\/?page_id=98"},"modified":"2024-09-28T14:47:58","modified_gmt":"2024-09-28T12:47:58","slug":"cenik","status":"publish","type":"page","link":"https:\/\/www.pujcovnaleseninovehrady.cz\/?page_id=98","title":{"rendered":"Cen\u00edk"},"content":{"rendered":"\n<p>Z\u00e1kladn\u00ed cen\u00edk:<\/p>\n\n\n\n<figure class=\"wp-block-table\"><table><tbody><tr><td>Stav\u011bn\u00ed le\u0161en\u00ed<\/td><td>od 40 K\u010d\/m<sup>2<\/sup><\/td><\/tr><tr><td>Bour\u00e1n\u00ed le\u0161en\u00ed<\/td><td>od 20 K\u010d\/m<sup>2<\/sup><\/td><\/tr><tr><td>Pron\u00e1jem le\u0161en\u00ed<\/td><td>od 2 K\u010d\/m<sup>2<\/sup>\/den (min. 100 K\u010d\/den)<\/td><\/tr><tr><td>Koza stavebn\u00ed s deskou<\/td><td>25 K\u010d\/den<\/td><\/tr><tr><td>Koza stavebn\u00ed bez desky<\/td><td>20 K\u010d\/den<\/td><\/tr><\/tbody><\/table><\/figure>\n\n\n\n<p class=\"has-text-align-center has-red-color has-dark-gray-background-color has-text-color has-background has-link-color has-large-font-size wp-elements-2a1238cb73052ecce3f27a17eb98944d\">Nejsme pl\u00e1tcem DPH \u2013 ceny jsou kone\u010dn\u00e9!<\/p>\n\n\n\n<p>Pron\u00e1jem le\u0161en\u00ed se po\u010d\u00edt\u00e1 a\u017e od chv\u00edle, kdy je p\u0159ipraven\u00e9 k pou\u017e\u00edv\u00e1n\u00ed. To je z\u00e1sadn\u00ed rozd\u00edl oproti klasick\u00fdm p\u016fj\u010dovn\u00e1m, kde plat\u00edte pron\u00e1jem od chv\u00edle, kdy si le\u0161en\u00ed vyzvednete ve skladu. Plocha le\u0161en\u00ed se m\u016f\u017ee li\u0161it od plochy fas\u00e1dy, a to jak nahoru, tak dol\u016f.<br>Na cenu le\u0161en\u00ed m\u00e1 vliv p\u0159edev\u0161\u00edm slo\u017eitost proveden\u00ed, zp\u016fsob zaji\u0161t\u011bn\u00ed stability (kotven\u00ed nebo zav\u011btrov\u00e1n\u00ed) a dopravn\u00ed vzd\u00e1lenost.<\/p>\n\n\n\n<p>Jeliko\u017e preferujeme individu\u00e1ln\u00ed p\u0159\u00edstup k z\u00e1kazn\u00edkovi a jeho pot\u0159eb\u00e1m, m\u016f\u017ee b\u00fdt kone\u010dn\u00e1 cena i ni\u017e\u0161\u00ed ne\u017e je uveden\u00fd z\u00e1kladn\u00ed cen\u00edk.&nbsp;<\/p>\n","protected":false},"excerpt":{"rendered":"<p>Z\u00e1kladn\u00ed cen\u00edk: Stav\u011bn\u00ed le\u0161en\u00ed od 40 K\u010d\/m2 Bour\u00e1n\u00ed le\u0161en\u00ed od 20 K\u010d\/m2 Pron\u00e1jem le\u0161en\u00ed od 2 K\u010d\/m2\/den (min. 100 K\u010d\/den) Koza stavebn\u00ed s deskou 25 K\u010d\/den Koza stavebn\u00ed bez desky 20 K\u010d\/den Nejsme pl\u00e1tcem DPH \u2013 ceny jsou kone\u010dn\u00e9! Pron\u00e1jem le\u0161en\u00ed se po\u010d\u00edt\u00e1 a\u017e od chv\u00edle, kdy je p\u0159ipraven\u00e9 k pou\u017e\u00edv\u00e1n\u00ed. To je z\u00e1sadn\u00ed rozd\u00edl&hellip; <a class=\"more-link\" href=\"https:\/\/www.pujcovnaleseninovehrady.cz\/?page_id=98\">Pokra\u010dovat ve\u00a0\u010dten\u00ed <span class=\"screen-reader-text\">Cen\u00edk<\/span><\/a><\/p>\n","protected":false},"author":1,"featured_media":0,"parent":0,"menu_order":0,"comment_status":"closed","ping_status":"closed","template":"","meta":{"_monsterinsights_skip_tracking":false,"_monsterinsights_sitenote_active":false,"_monsterinsights_sitenote_note":"","_monsterinsights_sitenote_category":0,"ngg_post_thumbnail":0,"footnotes":""},"class_list":["post-98","page","type-page","status-publish","hentry","entry"],"yoast_head":"<!-- This site is optimized with the Yoast SEO plugin v24.8.1 - https:\/\/yoast.com\/wordpress\/plugins\/seo\/ -->\n<title>Cen\u00edk - P\u016fj\u010dovna le\u0161en\u00ed Nov\u00e9 Hrady<\/title>\n<meta name=\"robots\" content=\"index, follow, max-snippet:-1, max-image-preview:large, max-video-preview:-1\" \/>\n<link rel=\"canonical\" href=\"https:\/\/www.pujcovnaleseninovehrady.cz\/?page_id=98\" \/>\n<meta property=\"og:locale\" content=\"cs_CZ\" \/>\n<meta property=\"og:type\" content=\"article\" \/>\n<meta property=\"og:title\" content=\"Cen\u00edk - P\u016fj\u010dovna le\u0161en\u00ed Nov\u00e9 Hrady\" \/>\n<meta property=\"og:description\" content=\"Z\u00e1kladn\u00ed cen\u00edk: Stav\u011bn\u00ed le\u0161en\u00ed od 40 K\u010d\/m2 Bour\u00e1n\u00ed le\u0161en\u00ed od 20 K\u010d\/m2 Pron\u00e1jem le\u0161en\u00ed od 2 K\u010d\/m2\/den (min. 100 K\u010d\/den) Koza stavebn\u00ed s deskou 25 K\u010d\/den Koza stavebn\u00ed bez desky 20 K\u010d\/den Nejsme pl\u00e1tcem DPH \u2013 ceny jsou kone\u010dn\u00e9! Pron\u00e1jem le\u0161en\u00ed se po\u010d\u00edt\u00e1 a\u017e od chv\u00edle, kdy je p\u0159ipraven\u00e9 k pou\u017e\u00edv\u00e1n\u00ed. To je z\u00e1sadn\u00ed rozd\u00edl&hellip; Pokra\u010dovat ve\u00a0\u010dten\u00ed Cen\u00edk\" \/>\n<meta property=\"og:url\" content=\"https:\/\/www.pujcovnaleseninovehrady.cz\/?page_id=98\" \/>\n<meta property=\"og:site_name\" content=\"P\u016fj\u010dovna le\u0161en\u00ed Nov\u00e9 Hrady\" \/>\n<meta name=\"twitter:card\" content=\"summary_large_image\" \/>\n<meta name=\"twitter:label1\" content=\"Odhadovan\u00e1 doba \u010dten\u00ed\" \/>\n\t<meta name=\"twitter:data1\" content=\"1 minuta\" \/>\n<script type=\"application\/ld+json\" class=\"yoast-schema-graph\">{\"@context\":\"https:\/\/schema.org\",\"@graph\":[{\"@type\":\"WebPage\",\"@id\":\"https:\/\/www.pujcovnaleseninovehrady.cz\/?page_id=98\",\"url\":\"https:\/\/www.pujcovnaleseninovehrady.cz\/?page_id=98\",\"name\":\"Cen\u00edk - P\u016fj\u010dovna le\u0161en\u00ed Nov\u00e9 Hrady\",\"isPartOf\":{\"@id\":\"https:\/\/www.pujcovnaleseninovehrady.cz\/#website\"},\"datePublished\":\"2024-09-28T12:47:58+00:00\",\"breadcrumb\":{\"@id\":\"https:\/\/www.pujcovnaleseninovehrady.cz\/?page_id=98#breadcrumb\"},\"inLanguage\":\"cs\",\"potentialAction\":[{\"@type\":\"ReadAction\",\"target\":[\"https:\/\/www.pujcovnaleseninovehrady.cz\/?page_id=98\"]}]},{\"@type\":\"BreadcrumbList\",\"@id\":\"https:\/\/www.pujcovnaleseninovehrady.cz\/?page_id=98#breadcrumb\",\"itemListElement\":[{\"@type\":\"ListItem\",\"position\":1,\"name\":\"Home\",\"item\":\"https:\/\/www.pujcovnaleseninovehrady.cz\/\"},{\"@type\":\"ListItem\",\"position\":2,\"name\":\"Cen\u00edk\"}]},{\"@type\":\"WebSite\",\"@id\":\"https:\/\/www.pujcovnaleseninovehrady.cz\/#website\",\"url\":\"https:\/\/www.pujcovnaleseninovehrady.cz\/\",\"name\":\"P\u016fj\u010dovna le\u0161en\u00ed Nov\u00e9 Hrady\",\"description\":\"Pom\u00e1h\u00e1me v\u00e1m l\u00e9pe dos\u00e1hnout va\u0161ich c\u00edl\u016f\",\"potentialAction\":[{\"@type\":\"SearchAction\",\"target\":{\"@type\":\"EntryPoint\",\"urlTemplate\":\"https:\/\/www.pujcovnaleseninovehrady.cz\/?s={search_term_string}\"},\"query-input\":{\"@type\":\"PropertyValueSpecification\",\"valueRequired\":true,\"valueName\":\"search_term_string\"}}],\"inLanguage\":\"cs\"}]}<\/script>\n<!-- \/ Yoast SEO plugin. -->","yoast_head_json":{"title":"Cen\u00edk - P\u016fj\u010dovna le\u0161en\u00ed Nov\u00e9 Hrady","robots":{"index":"index","follow":"follow","max-snippet":"max-snippet:-1","max-image-preview":"max-image-preview:large","max-video-preview":"max-video-preview:-1"},"canonical":"https:\/\/www.pujcovnaleseninovehrady.cz\/?page_id=98","og_locale":"cs_CZ","og_type":"article","og_title":"Cen\u00edk - P\u016fj\u010dovna le\u0161en\u00ed Nov\u00e9 Hrady","og_description":"Z\u00e1kladn\u00ed cen\u00edk: Stav\u011bn\u00ed le\u0161en\u00ed od 40 K\u010d\/m2 Bour\u00e1n\u00ed le\u0161en\u00ed od 20 K\u010d\/m2 Pron\u00e1jem le\u0161en\u00ed od 2 K\u010d\/m2\/den (min. 100 K\u010d\/den) Koza stavebn\u00ed s deskou 25 K\u010d\/den Koza stavebn\u00ed bez desky 20 K\u010d\/den Nejsme pl\u00e1tcem DPH \u2013 ceny jsou kone\u010dn\u00e9! Pron\u00e1jem le\u0161en\u00ed se po\u010d\u00edt\u00e1 a\u017e od chv\u00edle, kdy je p\u0159ipraven\u00e9 k pou\u017e\u00edv\u00e1n\u00ed. To je z\u00e1sadn\u00ed rozd\u00edl&hellip; Pokra\u010dovat ve\u00a0\u010dten\u00ed Cen\u00edk","og_url":"https:\/\/www.pujcovnaleseninovehrady.cz\/?page_id=98","og_site_name":"P\u016fj\u010dovna le\u0161en\u00ed Nov\u00e9 Hrady","twitter_card":"summary_large_image","twitter_misc":{"Odhadovan\u00e1 doba \u010dten\u00ed":"1 minuta"},"schema":{"@context":"https:\/\/schema.org","@graph":[{"@type":"WebPage","@id":"https:\/\/www.pujcovnaleseninovehrady.cz\/?page_id=98","url":"https:\/\/www.pujcovnaleseninovehrady.cz\/?page_id=98","name":"Cen\u00edk - P\u016fj\u010dovna le\u0161en\u00ed Nov\u00e9 Hrady","isPartOf":{"@id":"https:\/\/www.pujcovnaleseninovehrady.cz\/#website"},"datePublished":"2024-09-28T12:47:58+00:00","breadcrumb":{"@id":"https:\/\/www.pujcovnaleseninovehrady.cz\/?page_id=98#breadcrumb"},"inLanguage":"cs","potentialAction":[{"@type":"ReadAction","target":["https:\/\/www.pujcovnaleseninovehrady.cz\/?page_id=98"]}]},{"@type":"BreadcrumbList","@id":"https:\/\/www.pujcovnaleseninovehrady.cz\/?page_id=98#breadcrumb","itemListElement":[{"@type":"ListItem","position":1,"name":"Home","item":"https:\/\/www.pujcovnaleseninovehrady.cz\/"},{"@type":"ListItem","position":2,"name":"Cen\u00edk"}]},{"@type":"WebSite","@id":"https:\/\/www.pujcovnaleseninovehrady.cz\/#website","url":"https:\/\/www.pujcovnaleseninovehrady.cz\/","name":"P\u016fj\u010dovna le\u0161en\u00ed Nov\u00e9 Hrady","description":"Pom\u00e1h\u00e1me v\u00e1m l\u00e9pe dos\u00e1hnout va\u0161ich c\u00edl\u016f","potentialAction":[{"@type":"SearchAction","target":{"@type":"EntryPoint","urlTemplate":"https:\/\/www.pujcovnaleseninovehrady.cz\/?s={search_term_string}"},"query-input":{"@type":"PropertyValueSpecification","valueRequired":true,"valueName":"search_term_string"}}],"inLanguage":"cs"}]}},"_links":{"self":[{"href":"https:\/\/www.pujcovnaleseninovehrady.cz\/index.php?rest_route=\/wp\/v2\/pages\/98","targetHints":{"allow":["GET"]}}],"collection":[{"href":"https:\/\/www.pujcovnaleseninovehrady.cz\/index.php?rest_route=\/wp\/v2\/pages"}],"about":[{"href":"https:\/\/www.pujcovnaleseninovehrady.cz\/index.php?rest_route=\/wp\/v2\/types\/page"}],"author":[{"embeddable":true,"href":"https:\/\/www.pujcovnaleseninovehrady.cz\/index.php?rest_route=\/wp\/v2\/users\/1"}],"replies":[{"embeddable":true,"href":"https:\/\/www.pujcovnaleseninovehrady.cz\/index.php?rest_route=%2Fwp%2Fv2%2Fcomments&post=98"}],"version-history":[{"count":2,"href":"https:\/\/www.pujcovnaleseninovehrady.cz\/index.php?rest_route=\/wp\/v2\/pages\/98\/revisions"}],"predecessor-version":[{"id":100,"href":"https:\/\/www.pujcovnaleseninovehrady.cz\/index.php?rest_route=\/wp\/v2\/pages\/98\/revisions\/100"}],"wp:attachment":[{"href":"https:\/\/www.pujcovnaleseninovehrady.cz\/index.php?rest_route=%2Fwp%2Fv2%2Fmedia&parent=98"}],"curies":[{"name":"wp","href":"https:\/\/api.w.org\/{rel}","templated":true}]}}