{"id":85,"date":"2024-09-28T14:48:11","date_gmt":"2024-09-28T12:48:11","guid":{"rendered":"https:\/\/www.pujcovnaleseninovehrady.cz\/?page_id=85"},"modified":"2024-09-28T14:48:11","modified_gmt":"2024-09-28T12:48:11","slug":"kontakt","status":"publish","type":"page","link":"https:\/\/www.pujcovnaleseninovehrady.cz\/?page_id=85","title":{"rendered":"Kontakt"},"content":{"rendered":"\n<p>Adresa:<br><strong>Pod Z\u00e1meck\u00fdm 463<br>373 33 Nov\u00e9 Hrady<\/strong><\/p>\n\n\n\n<p>Volejte:&nbsp;<strong><a href=\"tel: +420731385437\">+420 731 385 437<\/a><\/strong><\/p>\n\n\n\n<figure class=\"wp-block-image size-full is-resized\"><a href=\"https:\/\/www.facebook.com\/profile.php?id=100090139280893\"><img loading=\"lazy\" decoding=\"async\" width=\"512\" height=\"512\" src=\"https:\/\/www.pujcovnaleseninovehrady.cz\/wp-content\/uploads\/2024\/09\/facebook_2504903.png\" alt=\"\" class=\"wp-image-91\" style=\"width:50px\" srcset=\"https:\/\/www.pujcovnaleseninovehrady.cz\/wp-content\/uploads\/2024\/09\/facebook_2504903.png 512w, https:\/\/www.pujcovnaleseninovehrady.cz\/wp-content\/uploads\/2024\/09\/facebook_2504903-300x300.png 300w, https:\/\/www.pujcovnaleseninovehrady.cz\/wp-content\/uploads\/2024\/09\/facebook_2504903-150x150.png 150w\" sizes=\"auto, (max-width: 512px) 100vw, 512px\" \/><\/a><\/figure>\n\n\n\n<p>D\u011bkujeme za v\u00e1\u0161 z\u00e1jem o na\u0161e slu\u017eby.<br>Jsme v\u00e1m trvale k dispozici na v\u00fd\u0161e uveden\u00e9m telefonn\u00edm \u010d\u00edsle, p\u0159\u00edpadn\u011b m\u016f\u017eete vyu\u017e\u00edt kontaktn\u00ed formul\u00e1\u0159:<\/p>\n\n\n\n<div class=\"wp-block-contact-form-7-contact-form-selector\">\n<div class=\"wpcf7 no-js\" id=\"wpcf7-f93-o1\" lang=\"cs-CZ\" dir=\"ltr\" data-wpcf7-id=\"93\">\n<div class=\"screen-reader-response\"><p role=\"status\" aria-live=\"polite\" aria-atomic=\"true\"><\/p> <ul><\/ul><\/div>\n<form action=\"\/index.php?rest_route=%2Fwp%2Fv2%2Fpages%2F85#wpcf7-f93-o1\" method=\"post\" class=\"wpcf7-form init\" aria-label=\"Kontaktn\u00ed formul\u00e1\u0159\" novalidate=\"novalidate\" data-status=\"init\">\n<div style=\"display: none;\">\n<input type=\"hidden\" name=\"_wpcf7\" value=\"93\" \/>\n<input type=\"hidden\" name=\"_wpcf7_version\" value=\"6.0.6\" \/>\n<input type=\"hidden\" name=\"_wpcf7_locale\" value=\"cs_CZ\" \/>\n<input type=\"hidden\" name=\"_wpcf7_unit_tag\" value=\"wpcf7-f93-o1\" \/>\n<input type=\"hidden\" name=\"_wpcf7_container_post\" value=\"0\" \/>\n<input type=\"hidden\" name=\"_wpcf7_posted_data_hash\" value=\"\" \/>\n<\/div>\n<p><label> Va\u0161e jm\u00e9no<br \/>\n<span class=\"wpcf7-form-control-wrap\" data-name=\"your-name\"><input size=\"40\" maxlength=\"400\" class=\"wpcf7-form-control wpcf7-text wpcf7-validates-as-required\" autocomplete=\"name\" aria-required=\"true\" aria-invalid=\"false\" value=\"\" type=\"text\" name=\"your-name\" \/><\/span> <\/label>\n<\/p>\n<p><label> V\u00e1\u0161 e-mail<br \/>\n<span class=\"wpcf7-form-control-wrap\" data-name=\"your-email\"><input size=\"40\" maxlength=\"400\" class=\"wpcf7-form-control wpcf7-email wpcf7-validates-as-required wpcf7-text wpcf7-validates-as-email\" autocomplete=\"email\" aria-required=\"true\" aria-invalid=\"false\" value=\"\" type=\"email\" name=\"your-email\" \/><\/span> <\/label>\n<\/p>\n<p><label> P\u0159edm\u011bt<br \/>\n<span class=\"wpcf7-form-control-wrap\" data-name=\"your-subject\"><input size=\"40\" maxlength=\"400\" class=\"wpcf7-form-control wpcf7-text wpcf7-validates-as-required\" aria-required=\"true\" aria-invalid=\"false\" value=\"\" type=\"text\" name=\"your-subject\" \/><\/span> <\/label>\n<\/p>\n<p><label> Va\u0161e zpr\u00e1va (voliteln\u011b)<br \/>\n<span class=\"wpcf7-form-control-wrap\" data-name=\"your-message\"><textarea cols=\"40\" rows=\"10\" maxlength=\"2000\" class=\"wpcf7-form-control wpcf7-textarea\" aria-invalid=\"false\" name=\"your-message\"><\/textarea><\/span> <\/label>\n<\/p>\n<p><div id=\"cf7sr-69ecc91d47507\" class=\"cf7sr-g-recaptcha\" data-theme=\"light\" data-type=\"image\" data-size=\"normal\" data-sitekey=\"6LfEulEqAAAAAH_jDdxJw86QXu0M1vzZq7xzjXqd\"><\/div><span class=\"wpcf7-form-control-wrap cf7sr-recaptcha\" data-name=\"cf7sr-recaptcha\"><input type=\"hidden\" name=\"cf7sr-recaptcha\" value=\"\" class=\"wpcf7-form-control\"><\/span><br \/>\n<input class=\"wpcf7-form-control wpcf7-submit has-spinner\" type=\"submit\" value=\"Odeslat\" \/>\n<\/p><div class=\"wpcf7-response-output\" aria-hidden=\"true\"><\/div>\n<\/form>\n<\/div>\n<\/div>\n\n\n\n<p>Kudy k n\u00e1m:<\/p>\n\n\n\n<iframe src=\"https:\/\/www.google.com\/maps\/embed?pb=!1m18!1m12!1m3!1d1345819.8426388372!2d12.681270599999996!3d48.79039710000001!2m3!1f0!2f0!3f0!3m2!1i1024!2i768!4f13.1!3m3!1m2!1s0x47733dcf0b227b37%3A0xdb59caffe6bd9aab!2zUMWvasSNb3ZuYSBsZcWhZW7DrSBOb3bDqSBIcmFkeQ!5e0!3m2!1scs!2scz!4v1727353836950!5m2!1scs!2scz\" width=\"600\" height=\"450\" style=\"border:0;\" allowfullscreen=\"\" loading=\"lazy\" referrerpolicy=\"no-referrer-when-downgrade\"><\/iframe>\n\n\n\n<p><\/p>\n","protected":false},"excerpt":{"rendered":"<p>Adresa:Pod Z\u00e1meck\u00fdm 463373 33 Nov\u00e9 Hrady Volejte:&nbsp;+420 731 385 437 D\u011bkujeme za v\u00e1\u0161 z\u00e1jem o na\u0161e slu\u017eby.Jsme v\u00e1m trvale k dispozici na v\u00fd\u0161e uveden\u00e9m telefonn\u00edm \u010d\u00edsle, p\u0159\u00edpadn\u011b m\u016f\u017eete vyu\u017e\u00edt kontaktn\u00ed formul\u00e1\u0159: Kudy k n\u00e1m:<\/p>\n","protected":false},"author":1,"featured_media":0,"parent":0,"menu_order":0,"comment_status":"closed","ping_status":"closed","template":"","meta":{"_monsterinsights_skip_tracking":false,"_monsterinsights_sitenote_active":false,"_monsterinsights_sitenote_note":"","_monsterinsights_sitenote_category":0,"ngg_post_thumbnail":0,"footnotes":""},"class_list":["post-85","page","type-page","status-publish","hentry","entry"],"yoast_head":"<!-- This site is optimized with the Yoast SEO plugin v24.8.1 - https:\/\/yoast.com\/wordpress\/plugins\/seo\/ -->\n<title>Kontakt - P\u016fj\u010dovna le\u0161en\u00ed Nov\u00e9 Hrady<\/title>\n<meta name=\"robots\" content=\"index, follow, max-snippet:-1, max-image-preview:large, max-video-preview:-1\" \/>\n<link rel=\"canonical\" href=\"https:\/\/www.pujcovnaleseninovehrady.cz\/?page_id=85\" \/>\n<meta property=\"og:locale\" content=\"cs_CZ\" \/>\n<meta property=\"og:type\" content=\"article\" \/>\n<meta property=\"og:title\" content=\"Kontakt - P\u016fj\u010dovna le\u0161en\u00ed Nov\u00e9 Hrady\" \/>\n<meta property=\"og:description\" content=\"Adresa:Pod Z\u00e1meck\u00fdm 463373 33 Nov\u00e9 Hrady Volejte:&nbsp;+420 731 385 437 D\u011bkujeme za v\u00e1\u0161 z\u00e1jem o na\u0161e slu\u017eby.Jsme v\u00e1m trvale k dispozici na v\u00fd\u0161e uveden\u00e9m telefonn\u00edm \u010d\u00edsle, p\u0159\u00edpadn\u011b m\u016f\u017eete vyu\u017e\u00edt kontaktn\u00ed formul\u00e1\u0159: Kudy k n\u00e1m:\" \/>\n<meta property=\"og:url\" content=\"https:\/\/www.pujcovnaleseninovehrady.cz\/?page_id=85\" \/>\n<meta property=\"og:site_name\" content=\"P\u016fj\u010dovna le\u0161en\u00ed Nov\u00e9 Hrady\" \/>\n<meta property=\"og:image\" content=\"https:\/\/www.pujcovnaleseninovehrady.cz\/wp-content\/uploads\/2024\/09\/facebook_2504903.png\" \/>\n<meta name=\"twitter:card\" content=\"summary_large_image\" \/>\n<meta name=\"twitter:label1\" content=\"Odhadovan\u00e1 doba \u010dten\u00ed\" \/>\n\t<meta name=\"twitter:data1\" content=\"1 minuta\" \/>\n<script type=\"application\/ld+json\" class=\"yoast-schema-graph\">{\"@context\":\"https:\/\/schema.org\",\"@graph\":[{\"@type\":\"WebPage\",\"@id\":\"https:\/\/www.pujcovnaleseninovehrady.cz\/?page_id=85\",\"url\":\"https:\/\/www.pujcovnaleseninovehrady.cz\/?page_id=85\",\"name\":\"Kontakt - P\u016fj\u010dovna le\u0161en\u00ed Nov\u00e9 Hrady\",\"isPartOf\":{\"@id\":\"https:\/\/www.pujcovnaleseninovehrady.cz\/#website\"},\"primaryImageOfPage\":{\"@id\":\"https:\/\/www.pujcovnaleseninovehrady.cz\/?page_id=85#primaryimage\"},\"image\":{\"@id\":\"https:\/\/www.pujcovnaleseninovehrady.cz\/?page_id=85#primaryimage\"},\"thumbnailUrl\":\"https:\/\/www.pujcovnaleseninovehrady.cz\/wp-content\/uploads\/2024\/09\/facebook_2504903.png\",\"datePublished\":\"2024-09-28T12:48:11+00:00\",\"breadcrumb\":{\"@id\":\"https:\/\/www.pujcovnaleseninovehrady.cz\/?page_id=85#breadcrumb\"},\"inLanguage\":\"cs\",\"potentialAction\":[{\"@type\":\"ReadAction\",\"target\":[\"https:\/\/www.pujcovnaleseninovehrady.cz\/?page_id=85\"]}]},{\"@type\":\"ImageObject\",\"inLanguage\":\"cs\",\"@id\":\"https:\/\/www.pujcovnaleseninovehrady.cz\/?page_id=85#primaryimage\",\"url\":\"https:\/\/www.pujcovnaleseninovehrady.cz\/wp-content\/uploads\/2024\/09\/facebook_2504903.png\",\"contentUrl\":\"https:\/\/www.pujcovnaleseninovehrady.cz\/wp-content\/uploads\/2024\/09\/facebook_2504903.png\",\"width\":512,\"height\":512},{\"@type\":\"BreadcrumbList\",\"@id\":\"https:\/\/www.pujcovnaleseninovehrady.cz\/?page_id=85#breadcrumb\",\"itemListElement\":[{\"@type\":\"ListItem\",\"position\":1,\"name\":\"Home\",\"item\":\"https:\/\/www.pujcovnaleseninovehrady.cz\/\"},{\"@type\":\"ListItem\",\"position\":2,\"name\":\"Kontakt\"}]},{\"@type\":\"WebSite\",\"@id\":\"https:\/\/www.pujcovnaleseninovehrady.cz\/#website\",\"url\":\"https:\/\/www.pujcovnaleseninovehrady.cz\/\",\"name\":\"P\u016fj\u010dovna le\u0161en\u00ed Nov\u00e9 Hrady\",\"description\":\"Pom\u00e1h\u00e1me v\u00e1m l\u00e9pe dos\u00e1hnout va\u0161ich c\u00edl\u016f\",\"potentialAction\":[{\"@type\":\"SearchAction\",\"target\":{\"@type\":\"EntryPoint\",\"urlTemplate\":\"https:\/\/www.pujcovnaleseninovehrady.cz\/?s={search_term_string}\"},\"query-input\":{\"@type\":\"PropertyValueSpecification\",\"valueRequired\":true,\"valueName\":\"search_term_string\"}}],\"inLanguage\":\"cs\"}]}<\/script>\n<!-- \/ Yoast SEO plugin. -->","yoast_head_json":{"title":"Kontakt - P\u016fj\u010dovna le\u0161en\u00ed Nov\u00e9 Hrady","robots":{"index":"index","follow":"follow","max-snippet":"max-snippet:-1","max-image-preview":"max-image-preview:large","max-video-preview":"max-video-preview:-1"},"canonical":"https:\/\/www.pujcovnaleseninovehrady.cz\/?page_id=85","og_locale":"cs_CZ","og_type":"article","og_title":"Kontakt - P\u016fj\u010dovna le\u0161en\u00ed Nov\u00e9 Hrady","og_description":"Adresa:Pod Z\u00e1meck\u00fdm 463373 33 Nov\u00e9 Hrady Volejte:&nbsp;+420 731 385 437 D\u011bkujeme za v\u00e1\u0161 z\u00e1jem o na\u0161e slu\u017eby.Jsme v\u00e1m trvale k dispozici na v\u00fd\u0161e uveden\u00e9m telefonn\u00edm \u010d\u00edsle, p\u0159\u00edpadn\u011b m\u016f\u017eete vyu\u017e\u00edt kontaktn\u00ed formul\u00e1\u0159: Kudy k n\u00e1m:","og_url":"https:\/\/www.pujcovnaleseninovehrady.cz\/?page_id=85","og_site_name":"P\u016fj\u010dovna le\u0161en\u00ed Nov\u00e9 Hrady","og_image":[{"url":"https:\/\/www.pujcovnaleseninovehrady.cz\/wp-content\/uploads\/2024\/09\/facebook_2504903.png","type":"","width":"","height":""}],"twitter_card":"summary_large_image","twitter_misc":{"Odhadovan\u00e1 doba \u010dten\u00ed":"1 minuta"},"schema":{"@context":"https:\/\/schema.org","@graph":[{"@type":"WebPage","@id":"https:\/\/www.pujcovnaleseninovehrady.cz\/?page_id=85","url":"https:\/\/www.pujcovnaleseninovehrady.cz\/?page_id=85","name":"Kontakt - P\u016fj\u010dovna le\u0161en\u00ed Nov\u00e9 Hrady","isPartOf":{"@id":"https:\/\/www.pujcovnaleseninovehrady.cz\/#website"},"primaryImageOfPage":{"@id":"https:\/\/www.pujcovnaleseninovehrady.cz\/?page_id=85#primaryimage"},"image":{"@id":"https:\/\/www.pujcovnaleseninovehrady.cz\/?page_id=85#primaryimage"},"thumbnailUrl":"https:\/\/www.pujcovnaleseninovehrady.cz\/wp-content\/uploads\/2024\/09\/facebook_2504903.png","datePublished":"2024-09-28T12:48:11+00:00","breadcrumb":{"@id":"https:\/\/www.pujcovnaleseninovehrady.cz\/?page_id=85#breadcrumb"},"inLanguage":"cs","potentialAction":[{"@type":"ReadAction","target":["https:\/\/www.pujcovnaleseninovehrady.cz\/?page_id=85"]}]},{"@type":"ImageObject","inLanguage":"cs","@id":"https:\/\/www.pujcovnaleseninovehrady.cz\/?page_id=85#primaryimage","url":"https:\/\/www.pujcovnaleseninovehrady.cz\/wp-content\/uploads\/2024\/09\/facebook_2504903.png","contentUrl":"https:\/\/www.pujcovnaleseninovehrady.cz\/wp-content\/uploads\/2024\/09\/facebook_2504903.png","width":512,"height":512},{"@type":"BreadcrumbList","@id":"https:\/\/www.pujcovnaleseninovehrady.cz\/?page_id=85#breadcrumb","itemListElement":[{"@type":"ListItem","position":1,"name":"Home","item":"https:\/\/www.pujcovnaleseninovehrady.cz\/"},{"@type":"ListItem","position":2,"name":"Kontakt"}]},{"@type":"WebSite","@id":"https:\/\/www.pujcovnaleseninovehrady.cz\/#website","url":"https:\/\/www.pujcovnaleseninovehrady.cz\/","name":"P\u016fj\u010dovna le\u0161en\u00ed Nov\u00e9 Hrady","description":"Pom\u00e1h\u00e1me v\u00e1m l\u00e9pe dos\u00e1hnout va\u0161ich c\u00edl\u016f","potentialAction":[{"@type":"SearchAction","target":{"@type":"EntryPoint","urlTemplate":"https:\/\/www.pujcovnaleseninovehrady.cz\/?s={search_term_string}"},"query-input":{"@type":"PropertyValueSpecification","valueRequired":true,"valueName":"search_term_string"}}],"inLanguage":"cs"}]}},"_links":{"self":[{"href":"https:\/\/www.pujcovnaleseninovehrady.cz\/index.php?rest_route=\/wp\/v2\/pages\/85","targetHints":{"allow":["GET"]}}],"collection":[{"href":"https:\/\/www.pujcovnaleseninovehrady.cz\/index.php?rest_route=\/wp\/v2\/pages"}],"about":[{"href":"https:\/\/www.pujcovnaleseninovehrady.cz\/index.php?rest_route=\/wp\/v2\/types\/page"}],"author":[{"embeddable":true,"href":"https:\/\/www.pujcovnaleseninovehrady.cz\/index.php?rest_route=\/wp\/v2\/users\/1"}],"replies":[{"embeddable":true,"href":"https:\/\/www.pujcovnaleseninovehrady.cz\/index.php?rest_route=%2Fwp%2Fv2%2Fcomments&post=85"}],"version-history":[{"count":6,"href":"https:\/\/www.pujcovnaleseninovehrady.cz\/index.php?rest_route=\/wp\/v2\/pages\/85\/revisions"}],"predecessor-version":[{"id":155,"href":"https:\/\/www.pujcovnaleseninovehrady.cz\/index.php?rest_route=\/wp\/v2\/pages\/85\/revisions\/155"}],"wp:attachment":[{"href":"https:\/\/www.pujcovnaleseninovehrady.cz\/index.php?rest_route=%2Fwp%2Fv2%2Fmedia&parent=85"}],"curies":[{"name":"wp","href":"https:\/\/api.w.org\/{rel}","templated":true}]}}