{"id":65,"date":"2024-09-28T14:49:07","date_gmt":"2024-09-28T12:49:07","guid":{"rendered":"https:\/\/www.pujcovnaleseninovehrady.cz\/?page_id=65"},"modified":"2024-09-28T14:49:07","modified_gmt":"2024-09-28T12:49:07","slug":"stavebni-kozy-a-desky","status":"publish","type":"page","link":"https:\/\/www.pujcovnaleseninovehrady.cz\/?page_id=65","title":{"rendered":"Stavebn\u00ed kozy a desky"},"content":{"rendered":"\n<p>Kdy\u017e m\u00e1te dojem, \u017ee stav\u011bt le\u0161en\u00ed kv\u016fli kousku opadl\u00e9 om\u00edtky je jako j\u00edt s kan\u00f3nem na vrabce&#8230;<\/p>\n\n\n\nngg_shortcode_0_placeholder\n","protected":false},"excerpt":{"rendered":"<p>Kdy\u017e m\u00e1te dojem, \u017ee stav\u011bt le\u0161en\u00ed kv\u016fli kousku opadl\u00e9 om\u00edtky je jako j\u00edt s kan\u00f3nem na vrabce&#8230;<\/p>\n","protected":false},"author":1,"featured_media":0,"parent":0,"menu_order":0,"comment_status":"closed","ping_status":"closed","template":"","meta":{"_monsterinsights_skip_tracking":false,"_monsterinsights_sitenote_active":false,"_monsterinsights_sitenote_note":"","_monsterinsights_sitenote_category":0,"ngg_post_thumbnail":0,"footnotes":""},"class_list":["post-65","page","type-page","status-publish","hentry","entry"],"yoast_head":"<!-- This site is optimized with the Yoast SEO plugin v24.8.1 - https:\/\/yoast.com\/wordpress\/plugins\/seo\/ -->\n<title>Stavebn\u00ed kozy a desky - P\u016fj\u010dovna le\u0161en\u00ed Nov\u00e9 Hrady<\/title>\n<meta name=\"robots\" content=\"index, follow, max-snippet:-1, max-image-preview:large, max-video-preview:-1\" \/>\n<link rel=\"canonical\" href=\"https:\/\/www.pujcovnaleseninovehrady.cz\/?page_id=65\" \/>\n<meta property=\"og:locale\" content=\"cs_CZ\" \/>\n<meta property=\"og:type\" content=\"article\" \/>\n<meta property=\"og:title\" content=\"Stavebn\u00ed kozy a desky - P\u016fj\u010dovna le\u0161en\u00ed Nov\u00e9 Hrady\" \/>\n<meta property=\"og:description\" content=\"Kdy\u017e m\u00e1te dojem, \u017ee stav\u011bt le\u0161en\u00ed kv\u016fli kousku opadl\u00e9 om\u00edtky je jako j\u00edt s kan\u00f3nem na vrabce&#8230;\" \/>\n<meta property=\"og:url\" content=\"https:\/\/www.pujcovnaleseninovehrady.cz\/?page_id=65\" \/>\n<meta property=\"og:site_name\" content=\"P\u016fj\u010dovna le\u0161en\u00ed Nov\u00e9 Hrady\" \/>\n<meta name=\"twitter:card\" content=\"summary_large_image\" \/>\n<meta name=\"twitter:label1\" content=\"Odhadovan\u00e1 doba \u010dten\u00ed\" \/>\n\t<meta name=\"twitter:data1\" content=\"1 minuta\" \/>\n<script type=\"application\/ld+json\" class=\"yoast-schema-graph\">{\"@context\":\"https:\/\/schema.org\",\"@graph\":[{\"@type\":\"WebPage\",\"@id\":\"https:\/\/www.pujcovnaleseninovehrady.cz\/?page_id=65\",\"url\":\"https:\/\/www.pujcovnaleseninovehrady.cz\/?page_id=65\",\"name\":\"Stavebn\u00ed kozy a desky - P\u016fj\u010dovna le\u0161en\u00ed Nov\u00e9 Hrady\",\"isPartOf\":{\"@id\":\"https:\/\/www.pujcovnaleseninovehrady.cz\/#website\"},\"datePublished\":\"2024-09-28T12:49:07+00:00\",\"breadcrumb\":{\"@id\":\"https:\/\/www.pujcovnaleseninovehrady.cz\/?page_id=65#breadcrumb\"},\"inLanguage\":\"cs\",\"potentialAction\":[{\"@type\":\"ReadAction\",\"target\":[\"https:\/\/www.pujcovnaleseninovehrady.cz\/?page_id=65\"]}]},{\"@type\":\"BreadcrumbList\",\"@id\":\"https:\/\/www.pujcovnaleseninovehrady.cz\/?page_id=65#breadcrumb\",\"itemListElement\":[{\"@type\":\"ListItem\",\"position\":1,\"name\":\"Home\",\"item\":\"https:\/\/www.pujcovnaleseninovehrady.cz\/\"},{\"@type\":\"ListItem\",\"position\":2,\"name\":\"Stavebn\u00ed kozy a desky\"}]},{\"@type\":\"WebSite\",\"@id\":\"https:\/\/www.pujcovnaleseninovehrady.cz\/#website\",\"url\":\"https:\/\/www.pujcovnaleseninovehrady.cz\/\",\"name\":\"P\u016fj\u010dovna le\u0161en\u00ed Nov\u00e9 Hrady\",\"description\":\"Pom\u00e1h\u00e1me v\u00e1m l\u00e9pe dos\u00e1hnout va\u0161ich c\u00edl\u016f\",\"potentialAction\":[{\"@type\":\"SearchAction\",\"target\":{\"@type\":\"EntryPoint\",\"urlTemplate\":\"https:\/\/www.pujcovnaleseninovehrady.cz\/?s={search_term_string}\"},\"query-input\":{\"@type\":\"PropertyValueSpecification\",\"valueRequired\":true,\"valueName\":\"search_term_string\"}}],\"inLanguage\":\"cs\"}]}<\/script>\n<!-- \/ Yoast SEO plugin. -->","yoast_head_json":{"title":"Stavebn\u00ed kozy a desky - P\u016fj\u010dovna le\u0161en\u00ed Nov\u00e9 Hrady","robots":{"index":"index","follow":"follow","max-snippet":"max-snippet:-1","max-image-preview":"max-image-preview:large","max-video-preview":"max-video-preview:-1"},"canonical":"https:\/\/www.pujcovnaleseninovehrady.cz\/?page_id=65","og_locale":"cs_CZ","og_type":"article","og_title":"Stavebn\u00ed kozy a desky - P\u016fj\u010dovna le\u0161en\u00ed Nov\u00e9 Hrady","og_description":"Kdy\u017e m\u00e1te dojem, \u017ee stav\u011bt le\u0161en\u00ed kv\u016fli kousku opadl\u00e9 om\u00edtky je jako j\u00edt s kan\u00f3nem na vrabce&#8230;","og_url":"https:\/\/www.pujcovnaleseninovehrady.cz\/?page_id=65","og_site_name":"P\u016fj\u010dovna le\u0161en\u00ed Nov\u00e9 Hrady","twitter_card":"summary_large_image","twitter_misc":{"Odhadovan\u00e1 doba \u010dten\u00ed":"1 minuta"},"schema":{"@context":"https:\/\/schema.org","@graph":[{"@type":"WebPage","@id":"https:\/\/www.pujcovnaleseninovehrady.cz\/?page_id=65","url":"https:\/\/www.pujcovnaleseninovehrady.cz\/?page_id=65","name":"Stavebn\u00ed kozy a desky - P\u016fj\u010dovna le\u0161en\u00ed Nov\u00e9 Hrady","isPartOf":{"@id":"https:\/\/www.pujcovnaleseninovehrady.cz\/#website"},"datePublished":"2024-09-28T12:49:07+00:00","breadcrumb":{"@id":"https:\/\/www.pujcovnaleseninovehrady.cz\/?page_id=65#breadcrumb"},"inLanguage":"cs","potentialAction":[{"@type":"ReadAction","target":["https:\/\/www.pujcovnaleseninovehrady.cz\/?page_id=65"]}]},{"@type":"BreadcrumbList","@id":"https:\/\/www.pujcovnaleseninovehrady.cz\/?page_id=65#breadcrumb","itemListElement":[{"@type":"ListItem","position":1,"name":"Home","item":"https:\/\/www.pujcovnaleseninovehrady.cz\/"},{"@type":"ListItem","position":2,"name":"Stavebn\u00ed kozy a desky"}]},{"@type":"WebSite","@id":"https:\/\/www.pujcovnaleseninovehrady.cz\/#website","url":"https:\/\/www.pujcovnaleseninovehrady.cz\/","name":"P\u016fj\u010dovna le\u0161en\u00ed Nov\u00e9 Hrady","description":"Pom\u00e1h\u00e1me v\u00e1m l\u00e9pe dos\u00e1hnout va\u0161ich c\u00edl\u016f","potentialAction":[{"@type":"SearchAction","target":{"@type":"EntryPoint","urlTemplate":"https:\/\/www.pujcovnaleseninovehrady.cz\/?s={search_term_string}"},"query-input":{"@type":"PropertyValueSpecification","valueRequired":true,"valueName":"search_term_string"}}],"inLanguage":"cs"}]}},"_links":{"self":[{"href":"https:\/\/www.pujcovnaleseninovehrady.cz\/index.php?rest_route=\/wp\/v2\/pages\/65","targetHints":{"allow":["GET"]}}],"collection":[{"href":"https:\/\/www.pujcovnaleseninovehrady.cz\/index.php?rest_route=\/wp\/v2\/pages"}],"about":[{"href":"https:\/\/www.pujcovnaleseninovehrady.cz\/index.php?rest_route=\/wp\/v2\/types\/page"}],"author":[{"embeddable":true,"href":"https:\/\/www.pujcovnaleseninovehrady.cz\/index.php?rest_route=\/wp\/v2\/users\/1"}],"replies":[{"embeddable":true,"href":"https:\/\/www.pujcovnaleseninovehrady.cz\/index.php?rest_route=%2Fwp%2Fv2%2Fcomments&post=65"}],"version-history":[{"count":2,"href":"https:\/\/www.pujcovnaleseninovehrady.cz\/index.php?rest_route=\/wp\/v2\/pages\/65\/revisions"}],"predecessor-version":[{"id":149,"href":"https:\/\/www.pujcovnaleseninovehrady.cz\/index.php?rest_route=\/wp\/v2\/pages\/65\/revisions\/149"}],"wp:attachment":[{"href":"https:\/\/www.pujcovnaleseninovehrady.cz\/index.php?rest_route=%2Fwp%2Fv2%2Fmedia&parent=65"}],"curies":[{"name":"wp","href":"https:\/\/api.w.org\/{rel}","templated":true}]}}