{"id":38,"date":"2024-09-28T14:47:36","date_gmt":"2024-09-28T12:47:36","guid":{"rendered":"https:\/\/www.pujcovnaleseninovehrady.cz\/?page_id=38"},"modified":"2024-09-28T20:58:23","modified_gmt":"2024-09-28T18:58:23","slug":"38-2","status":"publish","type":"page","link":"https:\/\/www.pujcovnaleseninovehrady.cz\/","title":{"rendered":"Bez n\u00e1zvu"},"content":{"rendered":"\n<p><\/p>\n\n\n\n<p class=\"has-blue-background-color has-background has-large-font-size\">Jsme jiho\u010desk\u00e1 rodinn\u00e1 firma, zam\u011b\u0159en\u00e1 na p\u016fj\u010dov\u00e1n\u00ed le\u0161en\u00ed sv\u00e9pomocn\u00fdm stavebn\u00edk\u016fm a \u0159emesln\u00edk\u016fm a drobn\u00e9 stavebn\u00ed pr\u00e1ce.<\/p>\n\n\n\n<p class=\"has-blue-background-color has-background has-small-font-size\">M\u00e1te rodinn\u00fd d\u016fm a pot\u0159ebujete opravit fas\u00e1du nebo nat\u0159\u00edt podbit\u00ed a tr\u00e1mov\u00ed ve \u0161t\u00edtu? Pak jsme pro v\u00e1s ta prav\u00e1 volba.<\/p>\n\n\n\n<p class=\"has-blue-background-color has-background has-small-font-size\">Jste \u0159emesln\u00edk a pot\u0159ebujete prov\u00e9st pr\u00e1ci ve v\u00fd\u0161ce, ale nevyplat\u00ed se v\u00e1m dr\u017eet si vlastn\u00ed le\u0161en\u00ed? Pak se na n\u00e1s s d\u016fv\u011brou obra\u0165te.<\/p>\n\n\n\n<p><\/p>\n\n\n<p><!-- pocitadlo TOPLIST --><br \/>\n<a href=\"https:\/\/www.toplist.cz\" id=\"toplistcz1810197\" title=\"TOPlist\"><noscript><img loading=\"lazy\" decoding=\"async\" src=\"https:\/\/toplist.cz\/dot.asp?id=1810197&#038;njs=1\" border=\"0\"\nalt=\"TOPlist\" width=\"1\" height=\"1\"\/><\/noscript><script language=\"JavaScript\" type=\"application\/javascript\" charset=\"utf-8\"><br \/>\n(function(d,e,s) {d.getElementById('toplistcz1810197').innerHTML='<img loading=\"lazy\" decoding=\"async\" src=\"https:\/\/toplist.cz\/dot.asp?id=1810197&#038;http='+\ne(d.referrer)+'&#038;t='+e(d.title)+'&#038;l='+e(d.URL)+'&#038;wi='+e(s.width)+'&#038;he='+e(s.height)+'&#038;cd='+\ne(s.colorDepth)+'\" width=\"1\" height=\"1\" border=\"0\" alt=\"TOPlist\" \/>';<br \/>\n}(document,encodeURIComponent,window.screen))<br \/>\n<\/script><\/a><\/p>","protected":false},"excerpt":{"rendered":"<p>Jsme jiho\u010desk\u00e1 rodinn\u00e1 firma, zam\u011b\u0159en\u00e1 na p\u016fj\u010dov\u00e1n\u00ed le\u0161en\u00ed sv\u00e9pomocn\u00fdm stavebn\u00edk\u016fm a \u0159emesln\u00edk\u016fm a drobn\u00e9 stavebn\u00ed pr\u00e1ce. M\u00e1te rodinn\u00fd d\u016fm a pot\u0159ebujete opravit fas\u00e1du nebo nat\u0159\u00edt podbit\u00ed a tr\u00e1mov\u00ed ve \u0161t\u00edtu? Pak jsme pro v\u00e1s ta prav\u00e1 volba. Jste \u0159emesln\u00edk a pot\u0159ebujete prov\u00e9st pr\u00e1ci ve v\u00fd\u0161ce, ale nevyplat\u00ed se v\u00e1m dr\u017eet si vlastn\u00ed le\u0161en\u00ed? Pak se&hellip; <a class=\"more-link\" href=\"https:\/\/www.pujcovnaleseninovehrady.cz\/\">Pokra\u010dovat ve\u00a0\u010dten\u00ed <span class=\"screen-reader-text\">Bez n\u00e1zvu<\/span><\/a><\/p>\n","protected":false},"author":1,"featured_media":0,"parent":0,"menu_order":0,"comment_status":"closed","ping_status":"closed","template":"","meta":{"_monsterinsights_skip_tracking":false,"_monsterinsights_sitenote_active":false,"_monsterinsights_sitenote_note":"","_monsterinsights_sitenote_category":0,"ngg_post_thumbnail":0,"footnotes":""},"class_list":["post-38","page","type-page","status-publish","hentry","entry"],"yoast_head":"<!-- This site is optimized with the Yoast SEO plugin v24.8.1 - https:\/\/yoast.com\/wordpress\/plugins\/seo\/ -->\n<title>- P\u016fj\u010dovna le\u0161en\u00ed Nov\u00e9 Hrady<\/title>\n<meta name=\"robots\" content=\"index, follow, max-snippet:-1, max-image-preview:large, max-video-preview:-1\" \/>\n<link rel=\"canonical\" href=\"https:\/\/www.pujcovnaleseninovehrady.cz\/\" \/>\n<meta property=\"og:locale\" content=\"cs_CZ\" \/>\n<meta property=\"og:type\" content=\"article\" \/>\n<meta property=\"og:title\" content=\"- P\u016fj\u010dovna le\u0161en\u00ed Nov\u00e9 Hrady\" \/>\n<meta property=\"og:description\" content=\"Jsme jiho\u010desk\u00e1 rodinn\u00e1 firma, zam\u011b\u0159en\u00e1 na p\u016fj\u010dov\u00e1n\u00ed le\u0161en\u00ed sv\u00e9pomocn\u00fdm stavebn\u00edk\u016fm a \u0159emesln\u00edk\u016fm a drobn\u00e9 stavebn\u00ed pr\u00e1ce. M\u00e1te rodinn\u00fd d\u016fm a pot\u0159ebujete opravit fas\u00e1du nebo nat\u0159\u00edt podbit\u00ed a tr\u00e1mov\u00ed ve \u0161t\u00edtu? Pak jsme pro v\u00e1s ta prav\u00e1 volba. Jste \u0159emesln\u00edk a pot\u0159ebujete prov\u00e9st pr\u00e1ci ve v\u00fd\u0161ce, ale nevyplat\u00ed se v\u00e1m dr\u017eet si vlastn\u00ed le\u0161en\u00ed? Pak se&hellip; Pokra\u010dovat ve\u00a0\u010dten\u00ed Bez n\u00e1zvu\" \/>\n<meta property=\"og:url\" content=\"https:\/\/www.pujcovnaleseninovehrady.cz\/\" \/>\n<meta property=\"og:site_name\" content=\"P\u016fj\u010dovna le\u0161en\u00ed Nov\u00e9 Hrady\" \/>\n<meta property=\"article:modified_time\" content=\"2024-09-28T18:58:23+00:00\" \/>\n<meta property=\"og:image\" content=\"https:\/\/toplist.cz\/dot.asp?id=1810197&njs=1\" \/>\n<meta name=\"twitter:card\" content=\"summary_large_image\" \/>\n<meta name=\"twitter:label1\" content=\"Odhadovan\u00e1 doba \u010dten\u00ed\" \/>\n\t<meta name=\"twitter:data1\" content=\"1 minuta\" \/>\n<script type=\"application\/ld+json\" class=\"yoast-schema-graph\">{\"@context\":\"https:\/\/schema.org\",\"@graph\":[{\"@type\":\"WebPage\",\"@id\":\"https:\/\/www.pujcovnaleseninovehrady.cz\/\",\"url\":\"https:\/\/www.pujcovnaleseninovehrady.cz\/\",\"name\":\"- P\u016fj\u010dovna le\u0161en\u00ed Nov\u00e9 Hrady\",\"isPartOf\":{\"@id\":\"https:\/\/www.pujcovnaleseninovehrady.cz\/#website\"},\"primaryImageOfPage\":{\"@id\":\"https:\/\/www.pujcovnaleseninovehrady.cz\/#primaryimage\"},\"image\":{\"@id\":\"https:\/\/www.pujcovnaleseninovehrady.cz\/#primaryimage\"},\"thumbnailUrl\":\"https:\/\/toplist.cz\/dot.asp?id=1810197&njs=1\",\"datePublished\":\"2024-09-28T12:47:36+00:00\",\"dateModified\":\"2024-09-28T18:58:23+00:00\",\"breadcrumb\":{\"@id\":\"https:\/\/www.pujcovnaleseninovehrady.cz\/#breadcrumb\"},\"inLanguage\":\"cs\",\"potentialAction\":[{\"@type\":\"ReadAction\",\"target\":[\"https:\/\/www.pujcovnaleseninovehrady.cz\/\"]}]},{\"@type\":\"ImageObject\",\"inLanguage\":\"cs\",\"@id\":\"https:\/\/www.pujcovnaleseninovehrady.cz\/#primaryimage\",\"url\":\"https:\/\/toplist.cz\/dot.asp?id=1810197&njs=1\",\"contentUrl\":\"https:\/\/toplist.cz\/dot.asp?id=1810197&njs=1\"},{\"@type\":\"BreadcrumbList\",\"@id\":\"https:\/\/www.pujcovnaleseninovehrady.cz\/#breadcrumb\",\"itemListElement\":[{\"@type\":\"ListItem\",\"position\":1,\"name\":\"Home\",\"item\":\"https:\/\/www.pujcovnaleseninovehrady.cz\/\"},{\"@type\":\"ListItem\",\"position\":2,\"name\":\"Bez n\u00e1zvu\"}]},{\"@type\":\"WebSite\",\"@id\":\"https:\/\/www.pujcovnaleseninovehrady.cz\/#website\",\"url\":\"https:\/\/www.pujcovnaleseninovehrady.cz\/\",\"name\":\"P\u016fj\u010dovna le\u0161en\u00ed Nov\u00e9 Hrady\",\"description\":\"Pom\u00e1h\u00e1me v\u00e1m l\u00e9pe dos\u00e1hnout va\u0161ich c\u00edl\u016f\",\"potentialAction\":[{\"@type\":\"SearchAction\",\"target\":{\"@type\":\"EntryPoint\",\"urlTemplate\":\"https:\/\/www.pujcovnaleseninovehrady.cz\/?s={search_term_string}\"},\"query-input\":{\"@type\":\"PropertyValueSpecification\",\"valueRequired\":true,\"valueName\":\"search_term_string\"}}],\"inLanguage\":\"cs\"}]}<\/script>\n<!-- \/ Yoast SEO plugin. -->","yoast_head_json":{"title":"- P\u016fj\u010dovna le\u0161en\u00ed Nov\u00e9 Hrady","robots":{"index":"index","follow":"follow","max-snippet":"max-snippet:-1","max-image-preview":"max-image-preview:large","max-video-preview":"max-video-preview:-1"},"canonical":"https:\/\/www.pujcovnaleseninovehrady.cz\/","og_locale":"cs_CZ","og_type":"article","og_title":"- P\u016fj\u010dovna le\u0161en\u00ed Nov\u00e9 Hrady","og_description":"Jsme jiho\u010desk\u00e1 rodinn\u00e1 firma, zam\u011b\u0159en\u00e1 na p\u016fj\u010dov\u00e1n\u00ed le\u0161en\u00ed sv\u00e9pomocn\u00fdm stavebn\u00edk\u016fm a \u0159emesln\u00edk\u016fm a drobn\u00e9 stavebn\u00ed pr\u00e1ce. M\u00e1te rodinn\u00fd d\u016fm a pot\u0159ebujete opravit fas\u00e1du nebo nat\u0159\u00edt podbit\u00ed a tr\u00e1mov\u00ed ve \u0161t\u00edtu? Pak jsme pro v\u00e1s ta prav\u00e1 volba. Jste \u0159emesln\u00edk a pot\u0159ebujete prov\u00e9st pr\u00e1ci ve v\u00fd\u0161ce, ale nevyplat\u00ed se v\u00e1m dr\u017eet si vlastn\u00ed le\u0161en\u00ed? Pak se&hellip; Pokra\u010dovat ve\u00a0\u010dten\u00ed Bez n\u00e1zvu","og_url":"https:\/\/www.pujcovnaleseninovehrady.cz\/","og_site_name":"P\u016fj\u010dovna le\u0161en\u00ed Nov\u00e9 Hrady","article_modified_time":"2024-09-28T18:58:23+00:00","og_image":[{"url":"https:\/\/toplist.cz\/dot.asp?id=1810197&njs=1","type":"","width":"","height":""}],"twitter_card":"summary_large_image","twitter_misc":{"Odhadovan\u00e1 doba \u010dten\u00ed":"1 minuta"},"schema":{"@context":"https:\/\/schema.org","@graph":[{"@type":"WebPage","@id":"https:\/\/www.pujcovnaleseninovehrady.cz\/","url":"https:\/\/www.pujcovnaleseninovehrady.cz\/","name":"- P\u016fj\u010dovna le\u0161en\u00ed Nov\u00e9 Hrady","isPartOf":{"@id":"https:\/\/www.pujcovnaleseninovehrady.cz\/#website"},"primaryImageOfPage":{"@id":"https:\/\/www.pujcovnaleseninovehrady.cz\/#primaryimage"},"image":{"@id":"https:\/\/www.pujcovnaleseninovehrady.cz\/#primaryimage"},"thumbnailUrl":"https:\/\/toplist.cz\/dot.asp?id=1810197&njs=1","datePublished":"2024-09-28T12:47:36+00:00","dateModified":"2024-09-28T18:58:23+00:00","breadcrumb":{"@id":"https:\/\/www.pujcovnaleseninovehrady.cz\/#breadcrumb"},"inLanguage":"cs","potentialAction":[{"@type":"ReadAction","target":["https:\/\/www.pujcovnaleseninovehrady.cz\/"]}]},{"@type":"ImageObject","inLanguage":"cs","@id":"https:\/\/www.pujcovnaleseninovehrady.cz\/#primaryimage","url":"https:\/\/toplist.cz\/dot.asp?id=1810197&njs=1","contentUrl":"https:\/\/toplist.cz\/dot.asp?id=1810197&njs=1"},{"@type":"BreadcrumbList","@id":"https:\/\/www.pujcovnaleseninovehrady.cz\/#breadcrumb","itemListElement":[{"@type":"ListItem","position":1,"name":"Home","item":"https:\/\/www.pujcovnaleseninovehrady.cz\/"},{"@type":"ListItem","position":2,"name":"Bez n\u00e1zvu"}]},{"@type":"WebSite","@id":"https:\/\/www.pujcovnaleseninovehrady.cz\/#website","url":"https:\/\/www.pujcovnaleseninovehrady.cz\/","name":"P\u016fj\u010dovna le\u0161en\u00ed Nov\u00e9 Hrady","description":"Pom\u00e1h\u00e1me v\u00e1m l\u00e9pe dos\u00e1hnout va\u0161ich c\u00edl\u016f","potentialAction":[{"@type":"SearchAction","target":{"@type":"EntryPoint","urlTemplate":"https:\/\/www.pujcovnaleseninovehrady.cz\/?s={search_term_string}"},"query-input":{"@type":"PropertyValueSpecification","valueRequired":true,"valueName":"search_term_string"}}],"inLanguage":"cs"}]}},"_links":{"self":[{"href":"https:\/\/www.pujcovnaleseninovehrady.cz\/index.php?rest_route=\/wp\/v2\/pages\/38","targetHints":{"allow":["GET"]}}],"collection":[{"href":"https:\/\/www.pujcovnaleseninovehrady.cz\/index.php?rest_route=\/wp\/v2\/pages"}],"about":[{"href":"https:\/\/www.pujcovnaleseninovehrady.cz\/index.php?rest_route=\/wp\/v2\/types\/page"}],"author":[{"embeddable":true,"href":"https:\/\/www.pujcovnaleseninovehrady.cz\/index.php?rest_route=\/wp\/v2\/users\/1"}],"replies":[{"embeddable":true,"href":"https:\/\/www.pujcovnaleseninovehrady.cz\/index.php?rest_route=%2Fwp%2Fv2%2Fcomments&post=38"}],"version-history":[{"count":5,"href":"https:\/\/www.pujcovnaleseninovehrady.cz\/index.php?rest_route=\/wp\/v2\/pages\/38\/revisions"}],"predecessor-version":[{"id":172,"href":"https:\/\/www.pujcovnaleseninovehrady.cz\/index.php?rest_route=\/wp\/v2\/pages\/38\/revisions\/172"}],"wp:attachment":[{"href":"https:\/\/www.pujcovnaleseninovehrady.cz\/index.php?rest_route=%2Fwp%2Fv2%2Fmedia&parent=38"}],"curies":[{"name":"wp","href":"https:\/\/api.w.org\/{rel}","templated":true}]}}